    
    {"id":11354,"date":"2022-02-06T20:00:24","date_gmt":"2022-02-06T19:00:24","guid":{"rendered":"https:\/\/www.canclini.it\/?page_id=11354\/"},"modified":"2022-02-06T20:00:24","modified_gmt":"2022-02-06T19:00:24","slug":"philosophie","status":"publish","type":"page","link":"https:\/\/www.canclini.it\/de\/geschichte\/philosophie\/","title":{"rendered":"Philosophie"},"content":{"rendered":"<p>[vc_row gradient_colors=&#8220;%5B%7B%7D%5D&#8220; el_class=&#8220;menu-brand-mobile&#8220;][vc_column][vc_wp_custommenu nav_menu=&#8220;179&#8243;][\/vc_column][\/vc_row][vc_row full_width=&#8220;stretch_row_content&#8220; gap=&#8220;20&#8243; gradient_colors=&#8220;%5B%7B%7D%5D&#8220;][vc_column width=&#8220;1\/4&#8243;][vc_single_image image=&#8220;10905&#8243; img_size=&#8220;full&#8220; alignment=&#8220;center&#8220;][\/vc_column][vc_column width=&#8220;1\/4&#8243;][vc_single_image image=&#8220;10906&#8243; img_size=&#8220;full&#8220; alignment=&#8220;center&#8220;][\/vc_column][vc_column width=&#8220;1\/4&#8243;][vc_single_image image=&#8220;10908&#8243; img_size=&#8220;full&#8220; alignment=&#8220;center&#8220;][\/vc_column][vc_column width=&#8220;1\/4&#8243;][vc_single_image image=&#8220;10909&#8243; img_size=&#8220;full&#8220; alignment=&#8220;center&#8220;][\/vc_column][\/vc_row][vc_row gradient_colors=&#8220;%5B%7B%7D%5D&#8220; el_class=&#8220;paddingper&#8220;][vc_column][vc_column_text el_class=&#8220;giustifica&#8220;]Unsere Mission ist es, Bekleidungs- und Hemdenstoffe herzustellen die f\u00fcr Kunden konzipiert, entworfen und hergestellt werden, die Qualit\u00e4t, Stil, Forschung und Innovation lieben.<\/p>\n<p>Um perfekte Stoffe zu erhalten, m\u00fcssen mehrere Faktoren beachtet werden, die unsere Philosophie umfasst:<\/p>\n<p>Die Wahl, nur ausgew\u00e4hlte und wertvolle Garne zu verwenden.<\/p>\n<p>Die F\u00e4higkeit, die gesamte Produktionskette Schritt f\u00fcr Schritt zu verfolgen, die vom Spinnen \u00fcber das Weben bis hin zum F\u00e4rben und Veredeln mit fortschrittlichen Technologien reicht.<\/p>\n<p>Unsere s\u00e4mtlichen Kollektionen sind Oeko-Tex 100 oder Oeko-Tex 100+ zertifiziert, dies stellt sicher, dass die Produkte frei von sch\u00e4dlichen Stoffen f\u00fcr die menschliche Gesundheit sind und dem Endverbraucher die human\u00f6kologische Qualit\u00e4t garantieren. Wir k\u00f6nnen uns r\u00fchmen Mitglied von Swiss + Cotton zu sein und auch eine Auswahl an Bio-Stoffen pr\u00e4sentieren zu k\u00f6nnen, die vollst\u00e4ndig nach GOTS-Standard zertifiziert sind, von der Faser bis zum fertigen Stoff.[\/vc_column_text][vc_raw_html]JTNDc3R5bGUlM0UlMEEubmF2YmFyJTIwLmhlYWRlci1uYXZpYm94LTMlMjAubmF2Lm5hdmJhci1uYXYlMjAlN0IlMEFkaXNwbGF5JTNBJTIwbm9uZSUzQiUwQSU3RCUwQS55YW1tJTIwJTdCJTBBJTIwJTIwJTIwJTIwbWFyZ2luLXJpZ2h0JTNBJTIwMHB4JTNCJTBBJTdEJTBBJTNDJTJGc3R5bGUlM0U=[\/vc_raw_html][\/vc_column][\/vc_row][vc_row disable_element=&#8220;yes&#8220; gradient_colors=&#8220;%5B%7B%7D%5D&#8220;][vc_column][vc_raw_js]JTNDc2NyaXB0JTNFJTBBalF1ZXJ5JTI4JTIwJTIyLmhlYWRlci1uYXZpYm94LTMlMjB1bC5uYXYubmF2YmFyLW5hdiUyMiUyMCUyOS5yZXBsYWNlV2l0aCUyOCUyMCUyMiUzQ2ElMjBocmVmJTNEJTI3JTIzJTI3JTIwY2xhc3MlM0QlMjdicmVhZGNydW1ic19pdGVtJTI3JTNCJTNFJTIzJTNDJTJGYSUzRSUyMiUyMCUyOSUzQiUwQSUzQyUyRnNjcmlwdCUzRQ==[\/vc_raw_js][\/vc_column][\/vc_row]<\/p>\n","protected":false},"excerpt":{"rendered":"<p>[vc_row gradient_colors=&#8220;%5B%7B%7D%5D&#8220; el_class=&#8220;menu-brand-mobile&#8220;][vc_column][vc_wp_custommenu nav_menu=&#8220;179&#8243;][\/vc_column][\/vc_row][vc_row full_width=&#8220;stretch_row_content&#8220; gap=&#8220;20&#8243; gradient_colors=&#8220;%5B%7B%7D%5D&#8220;][vc_column width=&#8220;1\/4&#8243;][vc_single_image image=&#8220;10905&#8243; img_size=&#8220;full&#8220; alignment=&#8220;center&#8220;][\/vc_column][vc_column width=&#8220;1\/4&#8243;][vc_single_image image=&#8220;10906&#8243; img_size=&#8220;full&#8220; alignment=&#8220;center&#8220;][\/vc_column][vc_column width=&#8220;1\/4&#8243;][vc_single_image image=&#8220;10908&#8243; img_size=&#8220;full&#8220; alignment=&#8220;center&#8220;][\/vc_column][vc_column width=&#8220;1\/4&#8243;][vc_single_image image=&#8220;10909&#8243; img_size=&#8220;full&#8220; alignment=&#8220;center&#8220;][\/vc_column][\/vc_row][vc_row gradient_colors=&#8220;%5B%7B%7D%5D&#8220; el_class=&#8220;paddingper&#8220;][vc_column][vc_column_text el_class=&#8220;giustifica&#8220;]Unsere Mission ist es, Bekleidungs- und Hemdenstoffe herzustellen die f\u00fcr Kunden konzipiert, entworfen und hergestellt werden, die Qualit\u00e4t, Stil, Forschung und Innovation lieben. Um perfekte Stoffe zu erhalten, m\u00fcssen mehrere [&hellip;]<\/p>\n","protected":false},"author":2,"featured_media":10904,"parent":11351,"menu_order":0,"comment_status":"closed","ping_status":"closed","template":"single-services copy 1.php","meta":[],"acf":[],"yoast_head":"<!-- This site is optimized with the Yoast SEO plugin v17.6 - https:\/\/yoast.com\/wordpress\/plugins\/seo\/ -->\n<title>Philosophie - Hausammann+Moos 1881<\/title>\n<meta name=\"robots\" content=\"index, follow, max-snippet:-1, max-image-preview:large, max-video-preview:-1\" \/>\n<link rel=\"canonical\" href=\"https:\/\/www.canclini.com\/de\/geschichte\/philosophie\/\" \/>\n<meta property=\"og:locale\" content=\"de_DE\" \/>\n<meta property=\"og:type\" content=\"article\" \/>\n<meta property=\"og:title\" content=\"Philosophie - Hausammann+Moos 1881\" \/>\n<meta property=\"og:description\" content=\"[vc_row gradient_colors=&#8220;%5B%7B%7D%5D&#8220; el_class=&#8220;menu-brand-mobile&#8220;][vc_column][vc_wp_custommenu nav_menu=&#8220;179&#8243;][\/vc_column][\/vc_row][vc_row full_width=&#8220;stretch_row_content&#8220; gap=&#8220;20&#8243; gradient_colors=&#8220;%5B%7B%7D%5D&#8220;][vc_column width=&#8220;1\/4&#8243;][vc_single_image image=&#8220;10905&#8243; img_size=&#8220;full&#8220; alignment=&#8220;center&#8220;][\/vc_column][vc_column width=&#8220;1\/4&#8243;][vc_single_image image=&#8220;10906&#8243; img_size=&#8220;full&#8220; alignment=&#8220;center&#8220;][\/vc_column][vc_column width=&#8220;1\/4&#8243;][vc_single_image image=&#8220;10908&#8243; img_size=&#8220;full&#8220; alignment=&#8220;center&#8220;][\/vc_column][vc_column width=&#8220;1\/4&#8243;][vc_single_image image=&#8220;10909&#8243; img_size=&#8220;full&#8220; alignment=&#8220;center&#8220;][\/vc_column][\/vc_row][vc_row gradient_colors=&#8220;%5B%7B%7D%5D&#8220; el_class=&#8220;paddingper&#8220;][vc_column][vc_column_text el_class=&#8220;giustifica&#8220;]Unsere Mission ist es, Bekleidungs- und Hemdenstoffe herzustellen die f\u00fcr Kunden konzipiert, entworfen und hergestellt werden, die Qualit\u00e4t, Stil, Forschung und Innovation lieben. Um perfekte Stoffe zu erhalten, m\u00fcssen mehrere [&hellip;]\" \/>\n<meta property=\"og:url\" content=\"https:\/\/www.canclini.com\/de\/geschichte\/philosophie\/\" \/>\n<meta property=\"og:site_name\" content=\"C. Tessile 1925\" \/>\n<meta property=\"og:image\" content=\"https:\/\/www.canclini.com\/wp-content\/uploads\/2021\/11\/HM_filosofia-1.jpg\" \/>\n\t<meta property=\"og:image:width\" content=\"1920\" \/>\n\t<meta property=\"og:image:height\" content=\"1080\" \/>\n<meta name=\"twitter:card\" content=\"summary_large_image\" \/>\n<meta name=\"twitter:label1\" content=\"Gesch\u00e4tzte Lesezeit\" \/>\n\t<meta name=\"twitter:data1\" content=\"2 Minuten\" \/>\n<script type=\"application\/ld+json\" class=\"yoast-schema-graph\">{\"@context\":\"https:\/\/schema.org\",\"@graph\":[{\"@type\":\"WebSite\",\"@id\":\"https:\/\/canclinitessile.it\/#website\",\"url\":\"https:\/\/canclinitessile.it\/\",\"name\":\"C. Tessile 1925\",\"description\":\"\",\"potentialAction\":[{\"@type\":\"SearchAction\",\"target\":{\"@type\":\"EntryPoint\",\"urlTemplate\":\"https:\/\/canclinitessile.it\/?s={search_term_string}\"},\"query-input\":\"required name=search_term_string\"}],\"inLanguage\":\"de-DE\"},{\"@type\":\"ImageObject\",\"@id\":\"https:\/\/www.canclini.com\/de\/geschichte\/philosophie\/#primaryimage\",\"inLanguage\":\"de-DE\",\"url\":\"https:\/\/www.canclini.it\/wp-content\/uploads\/2021\/11\/HM_filosofia-1.jpg\",\"contentUrl\":\"https:\/\/www.canclini.it\/wp-content\/uploads\/2021\/11\/HM_filosofia-1.jpg\",\"width\":1920,\"height\":1080},{\"@type\":\"WebPage\",\"@id\":\"https:\/\/www.canclini.com\/de\/geschichte\/philosophie\/#webpage\",\"url\":\"https:\/\/www.canclini.com\/de\/geschichte\/philosophie\/\",\"name\":\"Philosophie - Hausammann+Moos 1881\",\"isPartOf\":{\"@id\":\"https:\/\/canclinitessile.it\/#website\"},\"primaryImageOfPage\":{\"@id\":\"https:\/\/www.canclini.com\/de\/geschichte\/philosophie\/#primaryimage\"},\"datePublished\":\"2022-02-06T19:00:24+00:00\",\"dateModified\":\"2022-02-06T19:00:24+00:00\",\"breadcrumb\":{\"@id\":\"https:\/\/www.canclini.com\/de\/geschichte\/philosophie\/#breadcrumb\"},\"inLanguage\":\"de-DE\",\"potentialAction\":[{\"@type\":\"ReadAction\",\"target\":[\"https:\/\/www.canclini.com\/de\/geschichte\/philosophie\/\"]}]},{\"@type\":\"BreadcrumbList\",\"@id\":\"https:\/\/www.canclini.com\/de\/geschichte\/philosophie\/#breadcrumb\",\"itemListElement\":[{\"@type\":\"ListItem\",\"position\":1,\"name\":\"Home\",\"item\":\"https:\/\/www.canclini.it\/\"},{\"@type\":\"ListItem\",\"position\":2,\"name\":\"Geschichte\",\"item\":\"https:\/\/www.canclini.com\/de\/geschichte\/\"},{\"@type\":\"ListItem\",\"position\":3,\"name\":\"Philosophie\"}]}]}<\/script>\n<!-- \/ Yoast SEO plugin. -->","yoast_head_json":{"title":"Philosophie - Hausammann+Moos 1881","robots":{"index":"index","follow":"follow","max-snippet":"max-snippet:-1","max-image-preview":"max-image-preview:large","max-video-preview":"max-video-preview:-1"},"canonical":"https:\/\/www.canclini.com\/de\/geschichte\/philosophie\/","og_locale":"de_DE","og_type":"article","og_title":"Philosophie - Hausammann+Moos 1881","og_description":"[vc_row gradient_colors=&#8220;%5B%7B%7D%5D&#8220; el_class=&#8220;menu-brand-mobile&#8220;][vc_column][vc_wp_custommenu nav_menu=&#8220;179&#8243;][\/vc_column][\/vc_row][vc_row full_width=&#8220;stretch_row_content&#8220; gap=&#8220;20&#8243; gradient_colors=&#8220;%5B%7B%7D%5D&#8220;][vc_column width=&#8220;1\/4&#8243;][vc_single_image image=&#8220;10905&#8243; img_size=&#8220;full&#8220; alignment=&#8220;center&#8220;][\/vc_column][vc_column width=&#8220;1\/4&#8243;][vc_single_image image=&#8220;10906&#8243; img_size=&#8220;full&#8220; alignment=&#8220;center&#8220;][\/vc_column][vc_column width=&#8220;1\/4&#8243;][vc_single_image image=&#8220;10908&#8243; img_size=&#8220;full&#8220; alignment=&#8220;center&#8220;][\/vc_column][vc_column width=&#8220;1\/4&#8243;][vc_single_image image=&#8220;10909&#8243; img_size=&#8220;full&#8220; alignment=&#8220;center&#8220;][\/vc_column][\/vc_row][vc_row gradient_colors=&#8220;%5B%7B%7D%5D&#8220; el_class=&#8220;paddingper&#8220;][vc_column][vc_column_text el_class=&#8220;giustifica&#8220;]Unsere Mission ist es, Bekleidungs- und Hemdenstoffe herzustellen die f\u00fcr Kunden konzipiert, entworfen und hergestellt werden, die Qualit\u00e4t, Stil, Forschung und Innovation lieben. Um perfekte Stoffe zu erhalten, m\u00fcssen mehrere [&hellip;]","og_url":"https:\/\/www.canclini.com\/de\/geschichte\/philosophie\/","og_site_name":"C. Tessile 1925","og_image":[{"width":1920,"height":1080,"url":"https:\/\/www.canclini.com\/wp-content\/uploads\/2021\/11\/HM_filosofia-1.jpg","type":"image\/jpeg"}],"twitter_card":"summary_large_image","twitter_misc":{"Gesch\u00e4tzte Lesezeit":"2 Minuten"},"schema":{"@context":"https:\/\/schema.org","@graph":[{"@type":"WebSite","@id":"https:\/\/canclinitessile.it\/#website","url":"https:\/\/canclinitessile.it\/","name":"C. Tessile 1925","description":"","potentialAction":[{"@type":"SearchAction","target":{"@type":"EntryPoint","urlTemplate":"https:\/\/canclinitessile.it\/?s={search_term_string}"},"query-input":"required name=search_term_string"}],"inLanguage":"de-DE"},{"@type":"ImageObject","@id":"https:\/\/www.canclini.com\/de\/geschichte\/philosophie\/#primaryimage","inLanguage":"de-DE","url":"https:\/\/www.canclini.it\/wp-content\/uploads\/2021\/11\/HM_filosofia-1.jpg","contentUrl":"https:\/\/www.canclini.it\/wp-content\/uploads\/2021\/11\/HM_filosofia-1.jpg","width":1920,"height":1080},{"@type":"WebPage","@id":"https:\/\/www.canclini.com\/de\/geschichte\/philosophie\/#webpage","url":"https:\/\/www.canclini.com\/de\/geschichte\/philosophie\/","name":"Philosophie - Hausammann+Moos 1881","isPartOf":{"@id":"https:\/\/canclinitessile.it\/#website"},"primaryImageOfPage":{"@id":"https:\/\/www.canclini.com\/de\/geschichte\/philosophie\/#primaryimage"},"datePublished":"2022-02-06T19:00:24+00:00","dateModified":"2022-02-06T19:00:24+00:00","breadcrumb":{"@id":"https:\/\/www.canclini.com\/de\/geschichte\/philosophie\/#breadcrumb"},"inLanguage":"de-DE","potentialAction":[{"@type":"ReadAction","target":["https:\/\/www.canclini.com\/de\/geschichte\/philosophie\/"]}]},{"@type":"BreadcrumbList","@id":"https:\/\/www.canclini.com\/de\/geschichte\/philosophie\/#breadcrumb","itemListElement":[{"@type":"ListItem","position":1,"name":"Home","item":"https:\/\/www.canclini.it\/"},{"@type":"ListItem","position":2,"name":"Geschichte","item":"https:\/\/www.canclini.com\/de\/geschichte\/"},{"@type":"ListItem","position":3,"name":"Philosophie"}]}]}},"_links":{"self":[{"href":"https:\/\/www.canclini.it\/de\/wp-json\/wp\/v2\/pages\/11354"}],"collection":[{"href":"https:\/\/www.canclini.it\/de\/wp-json\/wp\/v2\/pages"}],"about":[{"href":"https:\/\/www.canclini.it\/de\/wp-json\/wp\/v2\/types\/page"}],"author":[{"embeddable":true,"href":"https:\/\/www.canclini.it\/de\/wp-json\/wp\/v2\/users\/2"}],"replies":[{"embeddable":true,"href":"https:\/\/www.canclini.it\/de\/wp-json\/wp\/v2\/comments?post=11354"}],"version-history":[{"count":1,"href":"https:\/\/www.canclini.it\/de\/wp-json\/wp\/v2\/pages\/11354\/revisions"}],"predecessor-version":[{"id":11355,"href":"https:\/\/www.canclini.it\/de\/wp-json\/wp\/v2\/pages\/11354\/revisions\/11355"}],"up":[{"embeddable":true,"href":"https:\/\/www.canclini.it\/de\/wp-json\/wp\/v2\/pages\/11351"}],"wp:featuredmedia":[{"embeddable":true,"href":"https:\/\/www.canclini.it\/de\/wp-json\/wp\/v2\/media\/10904"}],"wp:attachment":[{"href":"https:\/\/www.canclini.it\/de\/wp-json\/wp\/v2\/media?parent=11354"}],"curies":[{"name":"wp","href":"https:\/\/api.w.org\/{rel}","templated":true}]}}